{"id":1384,"date":"2020-06-10T16:02:30","date_gmt":"2020-06-10T16:02:30","guid":{"rendered":"http:\/\/theinstituteforendoticresearch.org\/wp\/?page_id=1384"},"modified":"2020-06-17T14:43:05","modified_gmt":"2020-06-17T14:43:05","slug":"objects-before-and-after-the-wall","status":"publish","type":"page","link":"http:\/\/theinstituteforendoticresearch.org\/wp\/publications\/objects-before-and-after-the-wall\/","title":{"rendered":"Objects Before and After the Wall"},"content":{"rendered":"<p><strong><a href=\"http:\/\/theinstituteforendoticresearch.org\/wp\/wp-content\/uploads\/2020\/06\/Objects-Before-and-After-the-Wall-2020.pdf\">\u2014&gt; Download <em>Objects Before and After the Wall<\/em><\/a><\/strong><\/p>\n<p>The publication <em>Objects Before and After the Wall <\/em>unfurls from our synonymous collaboration with Tlaxcala 3. Over the course of 2019, and culminating on November 9th at the 2nd International Encounter of Objects and Walls, TIER and Tlaxcala 3 hosted a trans-Atlantic exchange that was realized through a public program of screenings, workshops, readings and conversations. In Mexico City, special attention was paid to the development of border walls in Latin America and their ensuing conflicts and contradictions. In Berlin, certain attention was given to the role of the Berlin Wall as a historical site of ideological confrontation, as well as its continued presence as a contemporary media avatar. The publication Objects Before and After the Wall assembles contributions in a variety of formats\u2014five selected by Tlaxcala 3 in Mexico City and five selected by The Institute for Endotic Research in Berlin\u2014alongside responses by the organizers, Tlaxcala 3 (Ali Cotero and Clara Bolivar) and TIER (Benjamin Busch and Lorenzo Sandoval). The publication will be available as a free PDF download (link above), and printed copies are available at our space in Berlin.<\/p>\n<p>Contributions by: Rodolfo Andaur, Clara Bol\u00edvar, Diana Buitr\u00f3n, Benjamin Busch, Eli Corti\u00f1as, Al\u00ed Cotero, Marisol Garc\u00eda Walls, Francisco Gonz\u00e1lez Castro, Manuela Koelke, Daniela Medina Poch, Alberto Pacheco Benites, Lorenzo Sandoval, Hito Steyerl, Lorena Tabares, and Sung Tieu with text by Karen Fiss<\/p>\n","protected":false},"excerpt":{"rendered":"<p>\u2014&gt; Download Objects Before and After the Wall The publication Objects Before and After the Wall unfurls from our synonymous collaboration with Tlaxcala 3. Over the course of 2019, and culminating on November 9th at the 2nd International Encounter of &hellip; <a href=\"http:\/\/theinstituteforendoticresearch.org\/wp\/publications\/objects-before-and-after-the-wall\/\">Continue reading <span class=\"meta-nav\">&rarr;<\/span><\/a><\/p>\n","protected":false},"author":2,"featured_media":0,"parent":12,"menu_order":6,"comment_status":"closed","ping_status":"closed","template":"","meta":[],"_links":{"self":[{"href":"http:\/\/theinstituteforendoticresearch.org\/wp\/wp-json\/wp\/v2\/pages\/1384"}],"collection":[{"href":"http:\/\/theinstituteforendoticresearch.org\/wp\/wp-json\/wp\/v2\/pages"}],"about":[{"href":"http:\/\/theinstituteforendoticresearch.org\/wp\/wp-json\/wp\/v2\/types\/page"}],"author":[{"embeddable":true,"href":"http:\/\/theinstituteforendoticresearch.org\/wp\/wp-json\/wp\/v2\/users\/2"}],"replies":[{"embeddable":true,"href":"http:\/\/theinstituteforendoticresearch.org\/wp\/wp-json\/wp\/v2\/comments?post=1384"}],"version-history":[{"count":2,"href":"http:\/\/theinstituteforendoticresearch.org\/wp\/wp-json\/wp\/v2\/pages\/1384\/revisions"}],"predecessor-version":[{"id":1396,"href":"http:\/\/theinstituteforendoticresearch.org\/wp\/wp-json\/wp\/v2\/pages\/1384\/revisions\/1396"}],"up":[{"embeddable":true,"href":"http:\/\/theinstituteforendoticresearch.org\/wp\/wp-json\/wp\/v2\/pages\/12"}],"wp:attachment":[{"href":"http:\/\/theinstituteforendoticresearch.org\/wp\/wp-json\/wp\/v2\/media?parent=1384"}],"curies":[{"name":"wp","href":"https:\/\/api.w.org\/{rel}","templated":true}]}}